{"id":637,"date":"2025-06-30T05:23:34","date_gmt":"2025-06-30T05:23:34","guid":{"rendered":"https:\/\/zsevse.ilikedataconcept.com\/?page_id=637"},"modified":"2025-08-04T11:40:15","modified_gmt":"2025-08-04T11:40:15","slug":"gdpr","status":"publish","type":"page","link":"https:\/\/esk.sk\/en\/gdpr\/","title":{"rendered":"GDPR"},"content":{"rendered":"<div data-elementor-type=\"wp-page\" data-elementor-id=\"637\" class=\"elementor elementor-637\">\n\t\t\t\t<div class=\"elementor-element elementor-element-0898acc e-flex e-con-boxed e-con e-parent\" data-id=\"0898acc\" data-element_type=\"container\" data-e-type=\"container\">\n\t\t\t\t\t<div class=\"e-con-inner\">\n\t\t\t\t<div class=\"elementor-element elementor-element-37ec85e elementor-widget elementor-widget-heading\" data-id=\"37ec85e\" data-element_type=\"widget\" data-e-type=\"widget\" data-widget_type=\"heading.default\">\n\t\t\t\t<div class=\"elementor-widget-container\">\n\t\t\t\t\t<h1 class=\"elementor-heading-title elementor-size-default\">Personal data protection<\/h1>\t\t\t\t<\/div>\n\t\t\t\t<\/div>\n\t\t\t\t\t<\/div>\n\t\t\t\t<\/div>\n\t\t<div class=\"elementor-element elementor-element-9063f99 e-flex e-con-boxed e-con e-parent\" data-id=\"9063f99\" data-element_type=\"container\" data-e-type=\"container\">\n\t\t\t\t\t<div class=\"e-con-inner\">\n\t\t\t\t<div class=\"elementor-element elementor-element-e79d762 elementor-icon-list--layout-traditional elementor-list-item-link-full_width elementor-widget elementor-widget-icon-list\" data-id=\"e79d762\" data-element_type=\"widget\" data-e-type=\"widget\" data-widget_type=\"icon-list.default\">\n\t\t\t\t<div class=\"elementor-widget-container\">\n\t\t\t\t\t\t\t<ul class=\"elementor-icon-list-items\">\n\t\t\t\t\t\t\t<li class=\"elementor-icon-list-item\">\n\t\t\t\t\t\t\t\t\t\t\t<a href=\"https:\/\/esk.sk\/wp-content\/uploads\/2025\/08\/Informacie_OOU_ESK_zakaznici_01072025.pdf\">\n\n\t\t\t\t\t\t\t\t\t\t\t\t<span class=\"elementor-icon-list-icon\">\n\t\t\t\t\t\t\t<svg xmlns=\"http:\/\/www.w3.org\/2000\/svg\" width=\"25\" height=\"25\" viewbox=\"0 0 25 25\" fill=\"none\"><circle cx=\"12.5\" cy=\"12.5\" r=\"12.5\" fill=\"#F21C0A\"><\/circle><\/svg>\t\t\t\t\t\t<\/span>\n\t\t\t\t\t\t\t\t\t\t<span class=\"elementor-icon-list-text\">Information on the Processing of Customers' Personal Data<\/span>\n\t\t\t\t\t\t\t\t\t\t\t<\/a>\n\t\t\t\t\t\t\t\t\t<\/li>\n\t\t\t\t\t\t\t\t<li class=\"elementor-icon-list-item\">\n\t\t\t\t\t\t\t\t\t\t\t<a href=\"https:\/\/esk.sk\/wp-content\/uploads\/2025\/07\/Informacie_OOU_ESK_pravnicke_osoby_verzia_jul2025_clean.pdf\">\n\n\t\t\t\t\t\t\t\t\t\t\t\t<span class=\"elementor-icon-list-icon\">\n\t\t\t\t\t\t\t<svg xmlns=\"http:\/\/www.w3.org\/2000\/svg\" width=\"25\" height=\"25\" viewbox=\"0 0 25 25\" fill=\"none\"><circle cx=\"12.5\" cy=\"12.5\" r=\"12.5\" fill=\"#F21C0A\"><\/circle><\/svg>\t\t\t\t\t\t<\/span>\n\t\t\t\t\t\t\t\t\t\t<span class=\"elementor-icon-list-text\">Information on Personal Data Protection \u2013 Business Partners, Their Employees, Contact Persons, Representatives, and Subcontractors<\/span>\n\t\t\t\t\t\t\t\t\t\t\t<\/a>\n\t\t\t\t\t\t\t\t\t<\/li>\n\t\t\t\t\t\t\t\t<li class=\"elementor-icon-list-item\">\n\t\t\t\t\t\t\t\t\t\t\t<a href=\"https:\/\/esk.sk\/wp-content\/uploads\/2025\/07\/cookies_privacy_notice_ESK.pdf\">\n\n\t\t\t\t\t\t\t\t\t\t\t\t<span class=\"elementor-icon-list-icon\">\n\t\t\t\t\t\t\t<svg xmlns=\"http:\/\/www.w3.org\/2000\/svg\" width=\"25\" height=\"25\" viewbox=\"0 0 25 25\" fill=\"none\"><circle cx=\"12.5\" cy=\"12.5\" r=\"12.5\" fill=\"#F21C0A\"><\/circle><\/svg>\t\t\t\t\t\t<\/span>\n\t\t\t\t\t\t\t\t\t\t<span class=\"elementor-icon-list-text\">Information on Data Processing on Our Website<\/span>\n\t\t\t\t\t\t\t\t\t\t\t<\/a>\n\t\t\t\t\t\t\t\t\t<\/li>\n\t\t\t\t\t\t\t\t<li class=\"elementor-icon-list-item\">\n\t\t\t\t\t\t\t\t\t\t\t<a href=\"https:\/\/esk.sk\/wp-content\/uploads\/2025\/07\/Kamerovy_system_spracuvanie_osobnych_udajov.pdf\">\n\n\t\t\t\t\t\t\t\t\t\t\t\t<span class=\"elementor-icon-list-icon\">\n\t\t\t\t\t\t\t<svg xmlns=\"http:\/\/www.w3.org\/2000\/svg\" width=\"25\" height=\"25\" viewbox=\"0 0 25 25\" fill=\"none\"><circle cx=\"12.5\" cy=\"12.5\" r=\"12.5\" fill=\"#F21C0A\"><\/circle><\/svg>\t\t\t\t\t\t<\/span>\n\t\t\t\t\t\t\t\t\t\t<span class=\"elementor-icon-list-text\">CCTV<\/span>\n\t\t\t\t\t\t\t\t\t\t\t<\/a>\n\t\t\t\t\t\t\t\t\t<\/li>\n\t\t\t\t\t\t<\/ul>\n\t\t\t\t\t\t<\/div>\n\t\t\t\t<\/div>\n\t\t\t\t\t<\/div>\n\t\t\t\t<\/div>\n\t\t\t\t<\/div>","protected":false},"excerpt":{"rendered":"<p>Ochrana osobn\u00fdch \u00fadajov Inform\u00e1cie o sprac\u00favan\u00ed osobn\u00fdch \u00fadajov z\u00e1kazn\u00edkov Inform\u00e1cie o ochrane osobn\u00fdch \u00fadajov \u2013 obchodn\u00ed partneri, ich zamestnanci, kontaktn\u00e9 osoby, z\u00e1stupcovia a subdod\u00e1vatelia Inform\u00e1cie o sprac\u00favan\u00ed \u00fadajov na na\u0161ej webovej str\u00e1nke Kamerov\u00e9 z\u00e1znamy<\/p>","protected":false},"author":1,"featured_media":0,"parent":0,"menu_order":0,"comment_status":"closed","ping_status":"closed","template":"","meta":{"footnotes":""},"class_list":["post-637","page","type-page","status-publish","hentry"],"yoast_head":"<!-- This site is optimized with the Yoast SEO plugin v27.5 - https:\/\/yoast.com\/product\/yoast-seo-wordpress\/ -->\n<title>GDPR - Energetika Slovensko<\/title>\n<meta name=\"robots\" content=\"index, follow, max-snippet:-1, max-image-preview:large, max-video-preview:-1\" \/>\n<link rel=\"canonical\" href=\"https:\/\/esk.sk\/en\/gdpr\/\" \/>\n<meta property=\"og:locale\" content=\"en_US\" \/>\n<meta property=\"og:type\" content=\"article\" \/>\n<meta property=\"og:title\" content=\"GDPR - Energetika Slovensko\" \/>\n<meta property=\"og:description\" content=\"Ochrana osobn\u00fdch \u00fadajov Inform\u00e1cie o sprac\u00favan\u00ed osobn\u00fdch \u00fadajov z\u00e1kazn\u00edkov Inform\u00e1cie o ochrane osobn\u00fdch \u00fadajov \u2013 obchodn\u00ed partneri, ich zamestnanci, kontaktn\u00e9 osoby, z\u00e1stupcovia a subdod\u00e1vatelia Inform\u00e1cie o sprac\u00favan\u00ed \u00fadajov na na\u0161ej webovej str\u00e1nke Kamerov\u00e9 z\u00e1znamy\" \/>\n<meta property=\"og:url\" content=\"https:\/\/esk.sk\/en\/gdpr\/\" \/>\n<meta property=\"og:site_name\" content=\"Energetika Slovensko\" \/>\n<meta property=\"article:modified_time\" content=\"2025-08-04T11:40:15+00:00\" \/>\n<meta name=\"twitter:card\" content=\"summary_large_image\" \/>\n<meta name=\"twitter:label1\" content=\"Est. reading time\" \/>\n\t<meta name=\"twitter:data1\" content=\"1 minute\" \/>\n<script type=\"application\/ld+json\" class=\"yoast-schema-graph\">{\"@context\":\"https:\\\/\\\/schema.org\",\"@graph\":[{\"@type\":\"WebPage\",\"@id\":\"https:\\\/\\\/esk.sk\\\/gdpr\\\/\",\"url\":\"https:\\\/\\\/esk.sk\\\/gdpr\\\/\",\"name\":\"GDPR - Energetika Slovensko\",\"isPartOf\":{\"@id\":\"https:\\\/\\\/esk.sk\\\/#website\"},\"datePublished\":\"2025-06-30T05:23:34+00:00\",\"dateModified\":\"2025-08-04T11:40:15+00:00\",\"breadcrumb\":{\"@id\":\"https:\\\/\\\/esk.sk\\\/gdpr\\\/#breadcrumb\"},\"inLanguage\":\"en-US\",\"potentialAction\":[{\"@type\":\"ReadAction\",\"target\":[\"https:\\\/\\\/esk.sk\\\/gdpr\\\/\"]}]},{\"@type\":\"BreadcrumbList\",\"@id\":\"https:\\\/\\\/esk.sk\\\/gdpr\\\/#breadcrumb\",\"itemListElement\":[{\"@type\":\"ListItem\",\"position\":1,\"name\":\"Domovsk\u00e1 str\u00e1nka\",\"item\":\"https:\\\/\\\/esk.sk\\\/\"},{\"@type\":\"ListItem\",\"position\":2,\"name\":\"GDPR\"}]},{\"@type\":\"WebSite\",\"@id\":\"https:\\\/\\\/esk.sk\\\/#website\",\"url\":\"https:\\\/\\\/esk.sk\\\/\",\"name\":\"Energetika Slovensko\",\"description\":\"\",\"publisher\":{\"@id\":\"https:\\\/\\\/esk.sk\\\/#organization\"},\"potentialAction\":[{\"@type\":\"SearchAction\",\"target\":{\"@type\":\"EntryPoint\",\"urlTemplate\":\"https:\\\/\\\/esk.sk\\\/?s={search_term_string}\"},\"query-input\":{\"@type\":\"PropertyValueSpecification\",\"valueRequired\":true,\"valueName\":\"search_term_string\"}}],\"inLanguage\":\"en-US\"},{\"@type\":\"Organization\",\"@id\":\"https:\\\/\\\/esk.sk\\\/#organization\",\"name\":\"Energetika Slovensko\",\"url\":\"https:\\\/\\\/esk.sk\\\/\",\"logo\":{\"@type\":\"ImageObject\",\"inLanguage\":\"en-US\",\"@id\":\"https:\\\/\\\/esk.sk\\\/#\\\/schema\\\/logo\\\/image\\\/\",\"url\":\"https:\\\/\\\/esk.sk\\\/wp-content\\\/uploads\\\/2025\\\/06\\\/esklogo_redredblack.png\",\"contentUrl\":\"https:\\\/\\\/esk.sk\\\/wp-content\\\/uploads\\\/2025\\\/06\\\/esklogo_redredblack.png\",\"width\":375,\"height\":180,\"caption\":\"Energetika Slovensko\"},\"image\":{\"@id\":\"https:\\\/\\\/esk.sk\\\/#\\\/schema\\\/logo\\\/image\\\/\"}}]}<\/script>\n<!-- \/ Yoast SEO plugin. -->","yoast_head_json":{"title":"GDPR - Energetika Slovensko","robots":{"index":"index","follow":"follow","max-snippet":"max-snippet:-1","max-image-preview":"max-image-preview:large","max-video-preview":"max-video-preview:-1"},"canonical":"https:\/\/esk.sk\/en\/gdpr\/","og_locale":"en_US","og_type":"article","og_title":"GDPR - Energetika Slovensko","og_description":"Ochrana osobn\u00fdch \u00fadajov Inform\u00e1cie o sprac\u00favan\u00ed osobn\u00fdch \u00fadajov z\u00e1kazn\u00edkov Inform\u00e1cie o ochrane osobn\u00fdch \u00fadajov \u2013 obchodn\u00ed partneri, ich zamestnanci, kontaktn\u00e9 osoby, z\u00e1stupcovia a subdod\u00e1vatelia Inform\u00e1cie o sprac\u00favan\u00ed \u00fadajov na na\u0161ej webovej str\u00e1nke Kamerov\u00e9 z\u00e1znamy","og_url":"https:\/\/esk.sk\/en\/gdpr\/","og_site_name":"Energetika Slovensko","article_modified_time":"2025-08-04T11:40:15+00:00","twitter_card":"summary_large_image","twitter_misc":{"Est. reading time":"1 minute"},"schema":{"@context":"https:\/\/schema.org","@graph":[{"@type":"WebPage","@id":"https:\/\/esk.sk\/gdpr\/","url":"https:\/\/esk.sk\/gdpr\/","name":"GDPR - Energetika Slovensko","isPartOf":{"@id":"https:\/\/esk.sk\/#website"},"datePublished":"2025-06-30T05:23:34+00:00","dateModified":"2025-08-04T11:40:15+00:00","breadcrumb":{"@id":"https:\/\/esk.sk\/gdpr\/#breadcrumb"},"inLanguage":"en-US","potentialAction":[{"@type":"ReadAction","target":["https:\/\/esk.sk\/gdpr\/"]}]},{"@type":"BreadcrumbList","@id":"https:\/\/esk.sk\/gdpr\/#breadcrumb","itemListElement":[{"@type":"ListItem","position":1,"name":"Domovsk\u00e1 str\u00e1nka","item":"https:\/\/esk.sk\/"},{"@type":"ListItem","position":2,"name":"GDPR"}]},{"@type":"WebSite","@id":"https:\/\/esk.sk\/#website","url":"https:\/\/esk.sk\/","name":"Energetika Slovensko","description":"","publisher":{"@id":"https:\/\/esk.sk\/#organization"},"potentialAction":[{"@type":"SearchAction","target":{"@type":"EntryPoint","urlTemplate":"https:\/\/esk.sk\/?s={search_term_string}"},"query-input":{"@type":"PropertyValueSpecification","valueRequired":true,"valueName":"search_term_string"}}],"inLanguage":"en-US"},{"@type":"Organization","@id":"https:\/\/esk.sk\/#organization","name":"Energetika Slovensko","url":"https:\/\/esk.sk\/","logo":{"@type":"ImageObject","inLanguage":"en-US","@id":"https:\/\/esk.sk\/#\/schema\/logo\/image\/","url":"https:\/\/esk.sk\/wp-content\/uploads\/2025\/06\/esklogo_redredblack.png","contentUrl":"https:\/\/esk.sk\/wp-content\/uploads\/2025\/06\/esklogo_redredblack.png","width":375,"height":180,"caption":"Energetika Slovensko"},"image":{"@id":"https:\/\/esk.sk\/#\/schema\/logo\/image\/"}}]}},"_links":{"self":[{"href":"https:\/\/esk.sk\/en\/wp-json\/wp\/v2\/pages\/637","targetHints":{"allow":["GET"]}}],"collection":[{"href":"https:\/\/esk.sk\/en\/wp-json\/wp\/v2\/pages"}],"about":[{"href":"https:\/\/esk.sk\/en\/wp-json\/wp\/v2\/types\/page"}],"author":[{"embeddable":true,"href":"https:\/\/esk.sk\/en\/wp-json\/wp\/v2\/users\/1"}],"replies":[{"embeddable":true,"href":"https:\/\/esk.sk\/en\/wp-json\/wp\/v2\/comments?post=637"}],"version-history":[{"count":23,"href":"https:\/\/esk.sk\/en\/wp-json\/wp\/v2\/pages\/637\/revisions"}],"predecessor-version":[{"id":912,"href":"https:\/\/esk.sk\/en\/wp-json\/wp\/v2\/pages\/637\/revisions\/912"}],"wp:attachment":[{"href":"https:\/\/esk.sk\/en\/wp-json\/wp\/v2\/media?parent=637"}],"curies":[{"name":"wp","href":"https:\/\/api.w.org\/{rel}","templated":true}]}}